{"id":115,"date":"2019-05-19T06:38:51","date_gmt":"2019-05-19T10:38:51","guid":{"rendered":"https:\/\/www.clubdeportivodeloeste.org\/new\/?page_id=115"},"modified":"2022-10-06T11:43:04","modified_gmt":"2022-10-06T15:43:04","slug":"membresia","status":"publish","type":"page","link":"https:\/\/www.clubdeportivodeloeste.org\/new\/membresia\/","title":{"rendered":"Membres\u00eda"},"content":{"rendered":"<div class=\"wp-block-image\">\n<figure class=\"alignright size-large is-resized\"><a href=\"https:\/\/www.clubdeportivodeloeste.org\/new\/wp-content\/uploads\/2022\/10\/kid-310575_1280.jpg\"><img decoding=\"async\" src=\"https:\/\/www.clubdeportivodeloeste.org\/new\/wp-content\/uploads\/2022\/10\/kid-310575_1280-1024x887.jpg\" alt=\"\" class=\"wp-image-3455\" width=\"360\" srcset=\"https:\/\/www.clubdeportivodeloeste.org\/new\/wp-content\/uploads\/2022\/10\/kid-310575_1280-1024x887.jpg 1024w, https:\/\/www.clubdeportivodeloeste.org\/new\/wp-content\/uploads\/2022\/10\/kid-310575_1280-300x260.jpg 300w, https:\/\/www.clubdeportivodeloeste.org\/new\/wp-content\/uploads\/2022\/10\/kid-310575_1280-768x665.jpg 768w, https:\/\/www.clubdeportivodeloeste.org\/new\/wp-content\/uploads\/2022\/10\/kid-310575_1280-150x130.jpg 150w, https:\/\/www.clubdeportivodeloeste.org\/new\/wp-content\/uploads\/2022\/10\/kid-310575_1280.jpg 1280w\" sizes=\"(max-width: 1024px) 100vw, 1024px\" \/><\/a><\/figure>\n<\/div>\n\n\n<p>\u00bfTe gustar\u00eda ser socio del <strong>Club Deportivo del Oeste<\/strong> y disfrutar de todo lo que te ofrecemos?<\/p>\n\n\n\n<h2 class=\"has-text-align-left wp-block-heading\">Informaci\u00f3n de Membres\u00eda<\/h2>\n\n\n\n<ol class=\"wp-block-list\"><li><strong>Cuota de Iniciaci\u00f3n:<\/strong><ul><li>Para ser socio del club, pagar\u00e1 una cuota de iniciaci\u00f3n de $10,000.00. <\/li><\/ul><\/li><li><strong>Cuota Adelantada:<\/strong><ul><li>Al momento de comenzar como socio del club, se requiere que se pague una cuota adelantada de tres meses por la cantidad de $420.00. <\/li><\/ul><\/li><li><strong>Mensualidades:<\/strong><ul><li>Luego el socio pagar\u00e1 una mensualidad de $140.00 antes del 10 de cada mes. <\/li><\/ul><\/li><\/ol>\n","protected":false},"excerpt":{"rendered":"<p>\u00bfTe gustar\u00eda ser socio del Club Deportivo del Oeste y disfrutar de todo lo que te ofrecemos? Informaci\u00f3n de Membres\u00eda Cuota de Iniciaci\u00f3n: Para ser socio del club, pagar\u00e1 una cuota de iniciaci\u00f3n de $10,000.00. Cuota Adelantada: Al momento de comenzar como socio del club, se requiere que se pague una cuota adelantada de tres&hellip; <br \/> <a class=\"button small blue\" href=\"https:\/\/www.clubdeportivodeloeste.org\/new\/membresia\/\">Leer m\u00e1s<\/a><\/p>\n","protected":false},"author":4,"featured_media":0,"parent":0,"menu_order":0,"comment_status":"closed","ping_status":"closed","template":"","meta":{"footnotes":""},"class_list":["post-115","page","type-page","status-publish","hentry"],"yoast_head":"<!-- This site is optimized with the Yoast SEO plugin v26.6 - https:\/\/yoast.com\/wordpress\/plugins\/seo\/ -->\n<title>Membres\u00eda - Club Deportivo del Oeste<\/title>\n<meta name=\"robots\" content=\"index, follow, max-snippet:-1, max-image-preview:large, max-video-preview:-1\" \/>\n<link rel=\"canonical\" href=\"https:\/\/www.clubdeportivodeloeste.org\/new\/membresia\/\" \/>\n<meta property=\"og:locale\" content=\"es_ES\" \/>\n<meta property=\"og:type\" content=\"article\" \/>\n<meta property=\"og:title\" content=\"Membres\u00eda - Club Deportivo del Oeste\" \/>\n<meta property=\"og:description\" content=\"\u00bfTe gustar\u00eda ser socio del Club Deportivo del Oeste y disfrutar de todo lo que te ofrecemos? Informaci\u00f3n de Membres\u00eda Cuota de Iniciaci\u00f3n: Para ser socio del club, pagar\u00e1 una cuota de iniciaci\u00f3n de $10,000.00. Cuota Adelantada: Al momento de comenzar como socio del club, se requiere que se pague una cuota adelantada de tres&hellip; Leer m\u00e1s\" \/>\n<meta property=\"og:url\" content=\"https:\/\/www.clubdeportivodeloeste.org\/new\/membresia\/\" \/>\n<meta property=\"og:site_name\" content=\"Club Deportivo del Oeste\" \/>\n<meta property=\"article:modified_time\" content=\"2022-10-06T15:43:04+00:00\" \/>\n<meta property=\"og:image\" content=\"https:\/\/www.clubdeportivodeloeste.org\/new\/wp-content\/uploads\/2022\/10\/kid-310575_1280-1024x887.jpg\" \/>\n<meta name=\"twitter:card\" content=\"summary_large_image\" \/>\n<meta name=\"twitter:label1\" content=\"Tiempo de lectura\" \/>\n\t<meta name=\"twitter:data1\" content=\"1 minuto\" \/>\n<script type=\"application\/ld+json\" class=\"yoast-schema-graph\">{\"@context\":\"https:\/\/schema.org\",\"@graph\":[{\"@type\":\"WebPage\",\"@id\":\"https:\/\/www.clubdeportivodeloeste.org\/new\/membresia\/\",\"url\":\"https:\/\/www.clubdeportivodeloeste.org\/new\/membresia\/\",\"name\":\"Membres\u00eda - Club Deportivo del Oeste\",\"isPartOf\":{\"@id\":\"https:\/\/www.clubdeportivodeloeste.org\/new\/#website\"},\"primaryImageOfPage\":{\"@id\":\"https:\/\/www.clubdeportivodeloeste.org\/new\/membresia\/#primaryimage\"},\"image\":{\"@id\":\"https:\/\/www.clubdeportivodeloeste.org\/new\/membresia\/#primaryimage\"},\"thumbnailUrl\":\"https:\/\/www.clubdeportivodeloeste.org\/new\/wp-content\/uploads\/2022\/10\/kid-310575_1280-1024x887.jpg\",\"datePublished\":\"2019-05-19T10:38:51+00:00\",\"dateModified\":\"2022-10-06T15:43:04+00:00\",\"breadcrumb\":{\"@id\":\"https:\/\/www.clubdeportivodeloeste.org\/new\/membresia\/#breadcrumb\"},\"inLanguage\":\"es\",\"potentialAction\":[{\"@type\":\"ReadAction\",\"target\":[\"https:\/\/www.clubdeportivodeloeste.org\/new\/membresia\/\"]}]},{\"@type\":\"ImageObject\",\"inLanguage\":\"es\",\"@id\":\"https:\/\/www.clubdeportivodeloeste.org\/new\/membresia\/#primaryimage\",\"url\":\"https:\/\/www.clubdeportivodeloeste.org\/new\/wp-content\/uploads\/2022\/10\/kid-310575_1280.jpg\",\"contentUrl\":\"https:\/\/www.clubdeportivodeloeste.org\/new\/wp-content\/uploads\/2022\/10\/kid-310575_1280.jpg\",\"width\":1280,\"height\":1109},{\"@type\":\"BreadcrumbList\",\"@id\":\"https:\/\/www.clubdeportivodeloeste.org\/new\/membresia\/#breadcrumb\",\"itemListElement\":[{\"@type\":\"ListItem\",\"position\":1,\"name\":\"Home\",\"item\":\"https:\/\/www.clubdeportivodeloeste.org\/new\/\"},{\"@type\":\"ListItem\",\"position\":2,\"name\":\"Membres\u00eda\"}]},{\"@type\":\"WebSite\",\"@id\":\"https:\/\/www.clubdeportivodeloeste.org\/new\/#website\",\"url\":\"https:\/\/www.clubdeportivodeloeste.org\/new\/\",\"name\":\"Club Deportivo del Oeste\",\"description\":\"Club Social, Campo de Golf, Marina, Guarder\u00eda, Rampa, Piscina, Tenis, Gimnasio, Restaurantes, Actividades Sociales\",\"publisher\":{\"@id\":\"https:\/\/www.clubdeportivodeloeste.org\/new\/#organization\"},\"potentialAction\":[{\"@type\":\"SearchAction\",\"target\":{\"@type\":\"EntryPoint\",\"urlTemplate\":\"https:\/\/www.clubdeportivodeloeste.org\/new\/?s={search_term_string}\"},\"query-input\":{\"@type\":\"PropertyValueSpecification\",\"valueRequired\":true,\"valueName\":\"search_term_string\"}}],\"inLanguage\":\"es\"},{\"@type\":\"Organization\",\"@id\":\"https:\/\/www.clubdeportivodeloeste.org\/new\/#organization\",\"name\":\"Club Deportivo del Oeste\",\"url\":\"https:\/\/www.clubdeportivodeloeste.org\/new\/\",\"logo\":{\"@type\":\"ImageObject\",\"inLanguage\":\"es\",\"@id\":\"https:\/\/www.clubdeportivodeloeste.org\/new\/#\/schema\/logo\/image\/\",\"url\":\"https:\/\/www.clubdeportivodeloeste.org\/new\/wp-content\/uploads\/2020\/05\/image001.gif\",\"contentUrl\":\"https:\/\/www.clubdeportivodeloeste.org\/new\/wp-content\/uploads\/2020\/05\/image001.gif\",\"width\":884,\"height\":1076,\"caption\":\"Club Deportivo del Oeste\"},\"image\":{\"@id\":\"https:\/\/www.clubdeportivodeloeste.org\/new\/#\/schema\/logo\/image\/\"}}]}<\/script>\n<!-- \/ Yoast SEO plugin. -->","yoast_head_json":{"title":"Membres\u00eda - Club Deportivo del Oeste","robots":{"index":"index","follow":"follow","max-snippet":"max-snippet:-1","max-image-preview":"max-image-preview:large","max-video-preview":"max-video-preview:-1"},"canonical":"https:\/\/www.clubdeportivodeloeste.org\/new\/membresia\/","og_locale":"es_ES","og_type":"article","og_title":"Membres\u00eda - Club Deportivo del Oeste","og_description":"\u00bfTe gustar\u00eda ser socio del Club Deportivo del Oeste y disfrutar de todo lo que te ofrecemos? Informaci\u00f3n de Membres\u00eda Cuota de Iniciaci\u00f3n: Para ser socio del club, pagar\u00e1 una cuota de iniciaci\u00f3n de $10,000.00. Cuota Adelantada: Al momento de comenzar como socio del club, se requiere que se pague una cuota adelantada de tres&hellip; Leer m\u00e1s","og_url":"https:\/\/www.clubdeportivodeloeste.org\/new\/membresia\/","og_site_name":"Club Deportivo del Oeste","article_modified_time":"2022-10-06T15:43:04+00:00","og_image":[{"url":"https:\/\/www.clubdeportivodeloeste.org\/new\/wp-content\/uploads\/2022\/10\/kid-310575_1280-1024x887.jpg","type":"","width":"","height":""}],"twitter_card":"summary_large_image","twitter_misc":{"Tiempo de lectura":"1 minuto"},"schema":{"@context":"https:\/\/schema.org","@graph":[{"@type":"WebPage","@id":"https:\/\/www.clubdeportivodeloeste.org\/new\/membresia\/","url":"https:\/\/www.clubdeportivodeloeste.org\/new\/membresia\/","name":"Membres\u00eda - Club Deportivo del Oeste","isPartOf":{"@id":"https:\/\/www.clubdeportivodeloeste.org\/new\/#website"},"primaryImageOfPage":{"@id":"https:\/\/www.clubdeportivodeloeste.org\/new\/membresia\/#primaryimage"},"image":{"@id":"https:\/\/www.clubdeportivodeloeste.org\/new\/membresia\/#primaryimage"},"thumbnailUrl":"https:\/\/www.clubdeportivodeloeste.org\/new\/wp-content\/uploads\/2022\/10\/kid-310575_1280-1024x887.jpg","datePublished":"2019-05-19T10:38:51+00:00","dateModified":"2022-10-06T15:43:04+00:00","breadcrumb":{"@id":"https:\/\/www.clubdeportivodeloeste.org\/new\/membresia\/#breadcrumb"},"inLanguage":"es","potentialAction":[{"@type":"ReadAction","target":["https:\/\/www.clubdeportivodeloeste.org\/new\/membresia\/"]}]},{"@type":"ImageObject","inLanguage":"es","@id":"https:\/\/www.clubdeportivodeloeste.org\/new\/membresia\/#primaryimage","url":"https:\/\/www.clubdeportivodeloeste.org\/new\/wp-content\/uploads\/2022\/10\/kid-310575_1280.jpg","contentUrl":"https:\/\/www.clubdeportivodeloeste.org\/new\/wp-content\/uploads\/2022\/10\/kid-310575_1280.jpg","width":1280,"height":1109},{"@type":"BreadcrumbList","@id":"https:\/\/www.clubdeportivodeloeste.org\/new\/membresia\/#breadcrumb","itemListElement":[{"@type":"ListItem","position":1,"name":"Home","item":"https:\/\/www.clubdeportivodeloeste.org\/new\/"},{"@type":"ListItem","position":2,"name":"Membres\u00eda"}]},{"@type":"WebSite","@id":"https:\/\/www.clubdeportivodeloeste.org\/new\/#website","url":"https:\/\/www.clubdeportivodeloeste.org\/new\/","name":"Club Deportivo del Oeste","description":"Club Social, Campo de Golf, Marina, Guarder\u00eda, Rampa, Piscina, Tenis, Gimnasio, Restaurantes, Actividades Sociales","publisher":{"@id":"https:\/\/www.clubdeportivodeloeste.org\/new\/#organization"},"potentialAction":[{"@type":"SearchAction","target":{"@type":"EntryPoint","urlTemplate":"https:\/\/www.clubdeportivodeloeste.org\/new\/?s={search_term_string}"},"query-input":{"@type":"PropertyValueSpecification","valueRequired":true,"valueName":"search_term_string"}}],"inLanguage":"es"},{"@type":"Organization","@id":"https:\/\/www.clubdeportivodeloeste.org\/new\/#organization","name":"Club Deportivo del Oeste","url":"https:\/\/www.clubdeportivodeloeste.org\/new\/","logo":{"@type":"ImageObject","inLanguage":"es","@id":"https:\/\/www.clubdeportivodeloeste.org\/new\/#\/schema\/logo\/image\/","url":"https:\/\/www.clubdeportivodeloeste.org\/new\/wp-content\/uploads\/2020\/05\/image001.gif","contentUrl":"https:\/\/www.clubdeportivodeloeste.org\/new\/wp-content\/uploads\/2020\/05\/image001.gif","width":884,"height":1076,"caption":"Club Deportivo del Oeste"},"image":{"@id":"https:\/\/www.clubdeportivodeloeste.org\/new\/#\/schema\/logo\/image\/"}}]}},"_links":{"self":[{"href":"https:\/\/www.clubdeportivodeloeste.org\/new\/wp-json\/wp\/v2\/pages\/115","targetHints":{"allow":["GET"]}}],"collection":[{"href":"https:\/\/www.clubdeportivodeloeste.org\/new\/wp-json\/wp\/v2\/pages"}],"about":[{"href":"https:\/\/www.clubdeportivodeloeste.org\/new\/wp-json\/wp\/v2\/types\/page"}],"author":[{"embeddable":true,"href":"https:\/\/www.clubdeportivodeloeste.org\/new\/wp-json\/wp\/v2\/users\/4"}],"replies":[{"embeddable":true,"href":"https:\/\/www.clubdeportivodeloeste.org\/new\/wp-json\/wp\/v2\/comments?post=115"}],"version-history":[{"count":7,"href":"https:\/\/www.clubdeportivodeloeste.org\/new\/wp-json\/wp\/v2\/pages\/115\/revisions"}],"predecessor-version":[{"id":3458,"href":"https:\/\/www.clubdeportivodeloeste.org\/new\/wp-json\/wp\/v2\/pages\/115\/revisions\/3458"}],"wp:attachment":[{"href":"https:\/\/www.clubdeportivodeloeste.org\/new\/wp-json\/wp\/v2\/media?parent=115"}],"curies":[{"name":"wp","href":"https:\/\/api.w.org\/{rel}","templated":true}]}}